{"id":8,"date":"2014-09-08T15:17:40","date_gmt":"2014-09-08T15:17:40","guid":{"rendered":"http:\/\/hotelrealsm.com\/hotelcuernavaca\/?page_id=8"},"modified":"2019-01-17T21:21:29","modified_gmt":"2019-01-18T03:21:29","slug":"hotel-en-cuernavaca","status":"publish","type":"page","link":"https:\/\/hotelrealsm.com\/hotelcuernavaca\/","title":{"rendered":"Hotel en Cuernavaca"},"content":{"rendered":"<p><div class=\"hrule clearfix\"><\/div><br \/>\n<div class=\"row\"><\/p>\n<div class=\"col-md-6\">\n\n<p style=\"text-align: justify;\">El Hotel Real Santa Mar\u00eda en Cuernavaca, esta localizado a menos de 30 minutos de los principales atractivos tur\u00edsticos del Centro Hist\u00f3rico de la ciudad.<\/p>\n<p>&nbsp;<\/p>\n<p style=\"text-align: justify;\">A orillas de la carretera federal Cuernavaca-M\u00e9xico, el Hotel Real Santa Mar\u00eda nos recibe con sus acogedoras instalaci\u00f3nes y m\u00f3dicos precios.<\/p>\n<p>&nbsp;<\/p>\n<p style=\"text-align: justify;\">El Hotel cuenta con 20 habitaciones, estacionamiento propio techado y descubierto.<\/p>\n<p style=\"text-align: center;\"><strong>Hotel Real Santa Mar\u00eda, el lugar ideal para descansar en Cuernavaca.<\/strong><\/p>\n<\/div>\n<div class=\"col-md-6\">\n<p><a href=\"http:\/\/hotelrealsm.com\/hotelcuernavaca\/wp-content\/uploads\/2014\/09\/palaciodecortes.jpg\"><img loading=\"lazy\" class=\"aligncenter wp-image-13 size-full\" src=\"http:\/\/hotelrealsm.com\/hotelcuernavaca\/wp-content\/uploads\/2014\/09\/palaciodecortes.jpg\" alt=\"palacio-de-cortes\" width=\"640\" height=\"360\" srcset=\"https:\/\/hotelrealsm.com\/hotelcuernavaca\/wp-content\/uploads\/2014\/09\/palaciodecortes.jpg 640w, https:\/\/hotelrealsm.com\/hotelcuernavaca\/wp-content\/uploads\/2014\/09\/palaciodecortes-300x168.jpg 300w\" sizes=\"(max-width: 640px) 100vw, 640px\" \/><\/a><\/p>\n<p style=\"text-align: center;\">Imagen cortes\u00eda de <a href=\"http:\/\/fotografoencuernavaca.com\" target=\"_blank\">Fot\u00f3grafo en Cuernavaca<\/a><\/p>\n<\/div>\n<p><\/div><br \/>\n<div class=\"hrule clearfix\"><\/div><\/p>\n","protected":false},"excerpt":{"rendered":"","protected":false},"author":1,"featured_media":0,"parent":0,"menu_order":0,"comment_status":"closed","ping_status":"closed","template":"page-feature-sidebar.php","meta":[],"_links":{"self":[{"href":"https:\/\/hotelrealsm.com\/hotelcuernavaca\/wp-json\/wp\/v2\/pages\/8"}],"collection":[{"href":"https:\/\/hotelrealsm.com\/hotelcuernavaca\/wp-json\/wp\/v2\/pages"}],"about":[{"href":"https:\/\/hotelrealsm.com\/hotelcuernavaca\/wp-json\/wp\/v2\/types\/page"}],"author":[{"embeddable":true,"href":"https:\/\/hotelrealsm.com\/hotelcuernavaca\/wp-json\/wp\/v2\/users\/1"}],"replies":[{"embeddable":true,"href":"https:\/\/hotelrealsm.com\/hotelcuernavaca\/wp-json\/wp\/v2\/comments?post=8"}],"version-history":[{"count":7,"href":"https:\/\/hotelrealsm.com\/hotelcuernavaca\/wp-json\/wp\/v2\/pages\/8\/revisions"}],"predecessor-version":[{"id":171,"href":"https:\/\/hotelrealsm.com\/hotelcuernavaca\/wp-json\/wp\/v2\/pages\/8\/revisions\/171"}],"wp:attachment":[{"href":"https:\/\/hotelrealsm.com\/hotelcuernavaca\/wp-json\/wp\/v2\/media?parent=8"}],"curies":[{"name":"wp","href":"https:\/\/api.w.org\/{rel}","templated":true}]}}