{"id":70,"date":"2014-09-08T16:42:12","date_gmt":"2014-09-08T21:42:12","guid":{"rendered":"http:\/\/hotelrealsm.com\/hotelcuernavaca\/?page_id=70"},"modified":"2014-09-08T16:59:06","modified_gmt":"2014-09-08T21:59:06","slug":"politica-de-privacidad","status":"publish","type":"page","link":"https:\/\/hotelrealsm.com\/hotelcuernavaca\/politica-de-privacidad\/","title":{"rendered":"Pol\u00edtica de Privacidad"},"content":{"rendered":"<p style=\"text-align: justify;\"><strong>De acuerdo a la Ley<\/strong> Federal de Protecci\u00f3n de Datos Personales en Posesi\u00f3n de Particulares le informamos, que la informacion que proporcione ser\u00e1 utilizada para los siguientes f\u00ednes: establecer comunicaci\u00f3n de dos v\u00edas para mantener contacto acerca de productos y servicios solicitados, notificaci\u00f3nes de alta o suspenci\u00f3n de servicios, mejoras y para evaluar la calidad del servicio que ofrecemos, en general, se utilizar\u00e1 para dar cumplimiento a las obligaciones que hemos contra\u00eddo con usted. Para dichas finalidades, requerimos los siguientes datos personales: Nombre completo, Correo electr\u00f3nico, Tel\u00e9fono.<\/p>\n<p>&nbsp;<\/p>\n<p style=\"text-align: justify;\"><strong>IMPORTANTE:<\/strong> Tiene derecho al Acceso, Rectificaci\u00f3n y Cancelaci\u00f3n de sus datos personales, a oponerse al tratamiento de los mismos o a revocar el consentimiento que para dicho fin nos otorg\u00f3. Para ello, es necesario que env\u00ede la solicitud en los t\u00e9rminos que marca la Ley en su Art. 29 dirigida al Hotel Real Santa Mar\u00eda, al telefono <strong>(777)323 70 67<\/strong> o v\u00eda e-mail a <strong>reservaciones@hotelrealsm.com<\/strong>, el cual solicitamos confirme v\u00eda telef\u00f3nica para garantizar su correcta recepci\u00f3n; mismo caso si no desea recibir mensajes promocionales de nuestra parte.<\/p>\n<p>&nbsp;<\/p>\n<p style=\"text-align: justify;\"><strong>Gracias<\/strong>.<\/p>\n<p>&nbsp;<\/p>\n<p style=\"text-align: justify;\"><span style=\"text-decoration: underline;\"><em><strong><a title=\"Mapa y contacto\" href=\"http:\/\/hotelrealsm.com\/hotelcuernavaca\/mapa-y-contacto\/\">Continuar con el mensaje<\/a><\/strong><\/em><\/span>.<\/p>\n","protected":false},"excerpt":{"rendered":"<p>De acuerdo a la Ley Federal de Protecci\u00f3n de Datos Personales en Posesi\u00f3n de Particulares le informamos, que la informacion que proporcione ser\u00e1 utilizada para los siguientes f\u00ednes: establecer comunicaci\u00f3n de dos v\u00edas para mantener contacto acerca de productos y &hellip; <a href=\"https:\/\/hotelrealsm.com\/hotelcuernavaca\/politica-de-privacidad\/\">Continuar<\/a><\/p>\n","protected":false},"author":1,"featured_media":0,"parent":0,"menu_order":0,"comment_status":"closed","ping_status":"closed","template":"page-feature-sidebar.php","meta":[],"_links":{"self":[{"href":"https:\/\/hotelrealsm.com\/hotelcuernavaca\/wp-json\/wp\/v2\/pages\/70"}],"collection":[{"href":"https:\/\/hotelrealsm.com\/hotelcuernavaca\/wp-json\/wp\/v2\/pages"}],"about":[{"href":"https:\/\/hotelrealsm.com\/hotelcuernavaca\/wp-json\/wp\/v2\/types\/page"}],"author":[{"embeddable":true,"href":"https:\/\/hotelrealsm.com\/hotelcuernavaca\/wp-json\/wp\/v2\/users\/1"}],"replies":[{"embeddable":true,"href":"https:\/\/hotelrealsm.com\/hotelcuernavaca\/wp-json\/wp\/v2\/comments?post=70"}],"version-history":[{"count":9,"href":"https:\/\/hotelrealsm.com\/hotelcuernavaca\/wp-json\/wp\/v2\/pages\/70\/revisions"}],"predecessor-version":[{"id":83,"href":"https:\/\/hotelrealsm.com\/hotelcuernavaca\/wp-json\/wp\/v2\/pages\/70\/revisions\/83"}],"wp:attachment":[{"href":"https:\/\/hotelrealsm.com\/hotelcuernavaca\/wp-json\/wp\/v2\/media?parent=70"}],"curies":[{"name":"wp","href":"https:\/\/api.w.org\/{rel}","templated":true}]}}