{"id":30,"date":"2014-09-08T10:57:05","date_gmt":"2014-09-08T15:57:05","guid":{"rendered":"http:\/\/hotelrealsm.com\/hotelcuernavaca\/?page_id=30"},"modified":"2014-09-09T08:35:33","modified_gmt":"2014-09-09T13:35:33","slug":"mapa-y-contacto","status":"publish","type":"page","link":"https:\/\/hotelrealsm.com\/hotelcuernavaca\/mapa-y-contacto\/","title":{"rendered":"Mapa y contacto"},"content":{"rendered":"<p>Lejos del bullicio de la ciudad, a un costado de la carretera federal Cuernavaca-M\u00e9xico, se encuentran las instalaciones del Hotel Real Santa Mar\u00eda.<\/p>\n<p>Por favor antes de enviar su mensaje lea nuestra <a title=\"Pol\u00edtica de Privacidad\" href=\"http:\/\/hotelrealsm.com\/hotelcuernavaca\/politica-de-privacidad\/\"><span style=\"text-decoration: underline;\"><em><strong>p<\/strong><\/em><em><strong>ol\u00edtica de privacidad<\/strong><\/em><\/span><\/a>.<\/p>\n<p>&nbsp;<\/p>\n<div class=\"row\"><\/p>\n<div class=\"col-md-6\">\n<p><\/p>\n<p><div class=\"wpcf7\" id=\"wpcf7-f63-o1\" lang=\"es-ES\" dir=\"ltr\">\n<div class=\"screen-reader-response\"><\/div>\n<form name=\"\" action=\"\/hotelcuernavaca\/wp-json\/wp\/v2\/pages\/30#wpcf7-f63-o1\" method=\"post\" class=\"wpcf7-form\" novalidate=\"novalidate\">\n<div style=\"display: none;\">\n<input type=\"hidden\" name=\"_wpcf7\" value=\"63\" \/>\n<input type=\"hidden\" name=\"_wpcf7_version\" value=\"3.9.3\" \/>\n<input type=\"hidden\" name=\"_wpcf7_locale\" value=\"es_ES\" \/>\n<input type=\"hidden\" name=\"_wpcf7_unit_tag\" value=\"wpcf7-f63-o1\" \/>\n<input type=\"hidden\" name=\"_wpnonce\" value=\"554d5f3fc4\" \/>\n<\/div>\n<p>Su nombre (requerido)<br \/>\n    <span class=\"wpcf7-form-control-wrap your-name\"><input type=\"text\" name=\"your-name\" value=\"\" size=\"40\" class=\"wpcf7-form-control wpcf7-text wpcf7-validates-as-required\" aria-required=\"true\" aria-invalid=\"false\" \/><\/span> <\/p>\n<p>Su e-mail (requerido)<br \/>\n    <span class=\"wpcf7-form-control-wrap your-email\"><input type=\"email\" name=\"your-email\" value=\"\" size=\"40\" class=\"wpcf7-form-control wpcf7-text wpcf7-email wpcf7-validates-as-required wpcf7-validates-as-email\" aria-required=\"true\" aria-invalid=\"false\" \/><\/span> <\/p>\n<p>Tel\u00e9fono (requerido)<br \/>\n<span class=\"wpcf7-form-control-wrap tel-5\"><input type=\"tel\" name=\"tel-5\" value=\"10 digitos\" size=\"10\" maxlength=\"12\" class=\"wpcf7-form-control wpcf7-text wpcf7-tel wpcf7-validates-as-required wpcf7-validates-as-tel\" aria-required=\"true\" aria-invalid=\"false\" \/><\/span><\/p>\n<p>Su mensaje<br \/>\n    <span class=\"wpcf7-form-control-wrap your-message\"><textarea name=\"your-message\" cols=\"40\" rows=\"10\" class=\"wpcf7-form-control wpcf7-textarea\" aria-invalid=\"false\"><\/textarea><\/span> <\/p>\n<p>Para poder enviar su mensaje por favor escriba el siguiente codigo:<br \/><b>Gracias.<\/b><\/p>\n<p><input type=\"hidden\" name=\"_wpcf7_captcha_challenge_captcha-58\" value=\"1919603344\" \/><img class=\"wpcf7-form-control wpcf7-captchac wpcf7-captcha-captcha-58\" width=\"72\" height=\"24\" alt=\"captcha\" src=\"https:\/\/hotelrealsm.com\/hotelcuernavaca\/wp-content\/uploads\/wpcf7_captcha\/1919603344.png\" \/><\/p>\n<p><span class=\"wpcf7-form-control-wrap captcha-58\"><input type=\"text\" name=\"captcha-58\" value=\"\" size=\"40\" class=\"wpcf7-form-control wpcf7-captchar\" aria-invalid=\"false\" \/><\/span> <\/p>\n<p><input type=\"submit\" value=\"Enviar\" class=\"wpcf7-form-control wpcf7-submit\" \/><\/p>\n<div class=\"wpcf7-response-output wpcf7-display-none\"><\/div><\/form><\/div><\/p>\n<\/div>\n<div class=\"col-md-6\">\n<p><\/p>\n<p><iframe loading=\"lazy\" src=\"https:\/\/mapsengine.google.com\/map\/embed?mid=zNIFE89-2m18.k76eq9Au0d9o\" width=\"100%\" height=\"550\"><\/iframe><\/p>\n<\/div>\n<p><\/div>\n","protected":false},"excerpt":{"rendered":"<p>Lejos del bullicio de la ciudad, a un costado de la carretera federal Cuernavaca-M\u00e9xico, se encuentran las instalaciones del Hotel Real Santa Mar\u00eda. Por favor antes de enviar su mensaje lea nuestra pol\u00edtica de privacidad. &nbsp;<\/p>\n","protected":false},"author":1,"featured_media":0,"parent":0,"menu_order":0,"comment_status":"closed","ping_status":"closed","template":"page-sidebar.php","meta":[],"_links":{"self":[{"href":"https:\/\/hotelrealsm.com\/hotelcuernavaca\/wp-json\/wp\/v2\/pages\/30"}],"collection":[{"href":"https:\/\/hotelrealsm.com\/hotelcuernavaca\/wp-json\/wp\/v2\/pages"}],"about":[{"href":"https:\/\/hotelrealsm.com\/hotelcuernavaca\/wp-json\/wp\/v2\/types\/page"}],"author":[{"embeddable":true,"href":"https:\/\/hotelrealsm.com\/hotelcuernavaca\/wp-json\/wp\/v2\/users\/1"}],"replies":[{"embeddable":true,"href":"https:\/\/hotelrealsm.com\/hotelcuernavaca\/wp-json\/wp\/v2\/comments?post=30"}],"version-history":[{"count":11,"href":"https:\/\/hotelrealsm.com\/hotelcuernavaca\/wp-json\/wp\/v2\/pages\/30\/revisions"}],"predecessor-version":[{"id":76,"href":"https:\/\/hotelrealsm.com\/hotelcuernavaca\/wp-json\/wp\/v2\/pages\/30\/revisions\/76"}],"wp:attachment":[{"href":"https:\/\/hotelrealsm.com\/hotelcuernavaca\/wp-json\/wp\/v2\/media?parent=30"}],"curies":[{"name":"wp","href":"https:\/\/api.w.org\/{rel}","templated":true}]}}