{"id":26,"date":"2014-09-08T10:54:08","date_gmt":"2014-09-08T15:54:08","guid":{"rendered":"http:\/\/hotelrealsm.com\/hotelcuernavaca\/?page_id=26"},"modified":"2019-01-17T21:42:55","modified_gmt":"2019-01-18T03:42:55","slug":"galeria","status":"publish","type":"page","link":"https:\/\/hotelrealsm.com\/hotelcuernavaca\/galeria\/","title":{"rendered":"Galer\u00eda"},"content":{"rendered":"<h2>Hotel<\/h2>\n\n\t\t<style type=\"text\/css\">\n\t\t\t#gallery-1 {\n\t\t\t\tmargin: auto;\n\t\t\t}\n\t\t\t#gallery-1 .gallery-item {\n\t\t\t\tfloat: left;\n\t\t\t\tmargin-top: 10px;\n\t\t\t\ttext-align: center;\n\t\t\t\twidth: 33%;\n\t\t\t}\n\t\t\t#gallery-1 img {\n\t\t\t\tborder: 2px solid #cfcfcf;\n\t\t\t}\n\t\t\t#gallery-1 .gallery-caption {\n\t\t\t\tmargin-left: 0;\n\t\t\t}\n\t\t\t\/* see gallery_shortcode() in wp-includes\/media.php *\/\n\t\t<\/style>\n\t\t<div id='gallery-1' class='gallery galleryid-26 gallery-columns-3 gallery-size-thumbnail'><dl class='gallery-item'>\n\t\t\t<dt class='gallery-icon landscape'>\n\t\t\t\t<a class=\"thumbnail\" href='https:\/\/hotelrealsm.com\/hotelcuernavaca\/galeria\/slide-fachada\/'><img width=\"150\" height=\"150\" src=\"https:\/\/hotelrealsm.com\/hotelcuernavaca\/wp-content\/uploads\/2014\/09\/slide-fachada-150x150.jpg\" class=\"attachment-thumbnail size-thumbnail\" alt=\"imagen-fachada-hotel-en-cuernavaca-real-santa-maria\" loading=\"lazy\" aria-describedby=\"gallery-1-16\" \/><\/a>\n\t\t\t<\/dt>\n\t\t\t\t<dd class='wp-caption-text gallery-caption' id='gallery-1-16'>\n\t\t\t\tFachada Principal\n\t\t\t\t<\/dd><\/dl><dl class='gallery-item'>\n\t\t\t<dt class='gallery-icon landscape'>\n\t\t\t\t<a class=\"thumbnail\" href='https:\/\/hotelrealsm.com\/hotelcuernavaca\/reservaciones\/slide-alberca\/'><img width=\"150\" height=\"150\" src=\"https:\/\/hotelrealsm.com\/hotelcuernavaca\/wp-content\/uploads\/2014\/09\/slide-alberca-150x150.jpg\" class=\"attachment-thumbnail size-thumbnail\" alt=\"imagen-alberca-hotel-en-cuernavaca-real-santa-maria\" loading=\"lazy\" aria-describedby=\"gallery-1-14\" \/><\/a>\n\t\t\t<\/dt>\n\t\t\t\t<dd class='wp-caption-text gallery-caption' id='gallery-1-14'>\n\t\t\t\tAlberca del Hotel\n\t\t\t\t<\/dd><\/dl><dl class='gallery-item'>\n\t\t\t<dt class='gallery-icon landscape'>\n\t\t\t\t<a class=\"thumbnail\" href='https:\/\/hotelrealsm.com\/hotelcuernavaca\/galeria\/panoramajardininterior-1170\/'><img width=\"150\" height=\"150\" src=\"https:\/\/hotelrealsm.com\/hotelcuernavaca\/wp-content\/uploads\/2014\/09\/Panoramajardininterior-1170-150x150.jpg\" class=\"attachment-thumbnail size-thumbnail\" alt=\"jardin-interior\" loading=\"lazy\" aria-describedby=\"gallery-1-119\" \/><\/a>\n\t\t\t<\/dt>\n\t\t\t\t<dd class='wp-caption-text gallery-caption' id='gallery-1-119'>\n\t\t\t\tJard\u00edn Interior\n\t\t\t\t<\/dd><\/dl><br style=\"clear: both\" \/><dl class='gallery-item'>\n\t\t\t<dt class='gallery-icon landscape'>\n\t\t\t\t<a class=\"thumbnail\" href='https:\/\/hotelrealsm.com\/hotelcuernavaca\/galeria\/hab-senc-1170\/'><img width=\"150\" height=\"150\" src=\"https:\/\/hotelrealsm.com\/hotelcuernavaca\/wp-content\/uploads\/2014\/09\/hab-senc-1170-150x150.jpg\" class=\"attachment-thumbnail size-thumbnail\" alt=\"galeria hab1\" loading=\"lazy\" aria-describedby=\"gallery-1-115\" \/><\/a>\n\t\t\t<\/dt>\n\t\t\t\t<dd class='wp-caption-text gallery-caption' id='gallery-1-115'>\n\t\t\t\tHabitaci\u00f3n sencilla\n\t\t\t\t<\/dd><\/dl><dl class='gallery-item'>\n\t\t\t<dt class='gallery-icon landscape'>\n\t\t\t\t<a class=\"thumbnail\" href='https:\/\/hotelrealsm.com\/hotelcuernavaca\/galeria\/hab-dob-1170\/'><img width=\"150\" height=\"150\" src=\"https:\/\/hotelrealsm.com\/hotelcuernavaca\/wp-content\/uploads\/2014\/09\/hab-dob-1170-150x150.jpg\" class=\"attachment-thumbnail size-thumbnail\" alt=\"galeria hab2\" loading=\"lazy\" aria-describedby=\"gallery-1-114\" \/><\/a>\n\t\t\t<\/dt>\n\t\t\t\t<dd class='wp-caption-text gallery-caption' id='gallery-1-114'>\n\t\t\t\tHabitaci\u00f3n doble\n\t\t\t\t<\/dd><\/dl><dl class='gallery-item'>\n\t\t\t<dt class='gallery-icon landscape'>\n\t\t\t\t<a class=\"thumbnail\" href='https:\/\/hotelrealsm.com\/hotelcuernavaca\/galeria\/hab-trip-1170\/'><img width=\"150\" height=\"150\" src=\"https:\/\/hotelrealsm.com\/hotelcuernavaca\/wp-content\/uploads\/2014\/09\/hab-trip-1170-150x150.jpg\" class=\"attachment-thumbnail size-thumbnail\" alt=\"galeria hab3\" loading=\"lazy\" aria-describedby=\"gallery-1-113\" \/><\/a>\n\t\t\t<\/dt>\n\t\t\t\t<dd class='wp-caption-text gallery-caption' id='gallery-1-113'>\n\t\t\t\tHabitaci\u00f3n triple\n\t\t\t\t<\/dd><\/dl><br style=\"clear: both\" \/><dl class='gallery-item'>\n\t\t\t<dt class='gallery-icon landscape'>\n\t\t\t\t<a class=\"thumbnail\" href='https:\/\/hotelrealsm.com\/hotelcuernavaca\/eventos-en-cuernavaca\/panoramaterrazarestaurante\/'><img width=\"150\" height=\"150\" src=\"https:\/\/hotelrealsm.com\/hotelcuernavaca\/wp-content\/uploads\/2014\/09\/Panoramaterrazarestaurante-150x150.jpg\" class=\"attachment-thumbnail size-thumbnail\" alt=\"terraza restaurante hotel rel santa maria cuernavaca\" loading=\"lazy\" aria-describedby=\"gallery-1-102\" \/><\/a>\n\t\t\t<\/dt>\n\t\t\t\t<dd class='wp-caption-text gallery-caption' id='gallery-1-102'>\n\t\t\t\tTerraza Bar\n\t\t\t\t<\/dd><\/dl><dl class='gallery-item'>\n\t\t\t<dt class='gallery-icon landscape'>\n\t\t\t\t<a class=\"thumbnail\" href='https:\/\/hotelrealsm.com\/hotelcuernavaca\/eventos-en-cuernavaca\/panoramarestaurant\/'><img width=\"150\" height=\"150\" src=\"https:\/\/hotelrealsm.com\/hotelcuernavaca\/wp-content\/uploads\/2014\/09\/Panoramarestaurant-150x150.jpg\" class=\"attachment-thumbnail size-thumbnail\" alt=\"Restaurante\" loading=\"lazy\" aria-describedby=\"gallery-1-101\" \/><\/a>\n\t\t\t<\/dt>\n\t\t\t\t<dd class='wp-caption-text gallery-caption' id='gallery-1-101'>\n\t\t\t\tRestaurant\n\t\t\t\t<\/dd><\/dl><dl class='gallery-item'>\n\t\t\t<dt class='gallery-icon landscape'>\n\t\t\t\t<a class=\"thumbnail\" href='https:\/\/hotelrealsm.com\/hotelcuernavaca\/slide-estacionamientohotel\/'><img width=\"150\" height=\"150\" src=\"https:\/\/hotelrealsm.com\/hotelcuernavaca\/wp-content\/uploads\/2014\/09\/slide-estacionamientohotel-150x150.jpg\" class=\"attachment-thumbnail size-thumbnail\" alt=\"imagen-estacionamiento-hotel-en-cuernavaca-real-santa-maria\" loading=\"lazy\" aria-describedby=\"gallery-1-15\" \/><\/a>\n\t\t\t<\/dt>\n\t\t\t\t<dd class='wp-caption-text gallery-caption' id='gallery-1-15'>\n\t\t\t\tEstacionamiento Hotel\n\t\t\t\t<\/dd><\/dl><br style=\"clear: both\" \/><dl class='gallery-item'>\n\t\t\t<dt class='gallery-icon landscape'>\n\t\t\t\t<a class=\"thumbnail\" href='https:\/\/hotelrealsm.com\/hotelcuernavaca\/galeria\/img_1338\/'><img width=\"150\" height=\"150\" src=\"https:\/\/hotelrealsm.com\/hotelcuernavaca\/wp-content\/uploads\/2014\/09\/IMG_1338-150x150.jpg\" class=\"attachment-thumbnail size-thumbnail\" alt=\"\" loading=\"lazy\" \/><\/a>\n\t\t\t<\/dt><\/dl><dl class='gallery-item'>\n\t\t\t<dt class='gallery-icon landscape'>\n\t\t\t\t<a class=\"thumbnail\" href='https:\/\/hotelrealsm.com\/hotelcuernavaca\/galeria\/img_1335\/'><img width=\"150\" height=\"150\" src=\"https:\/\/hotelrealsm.com\/hotelcuernavaca\/wp-content\/uploads\/2014\/09\/IMG_1335-150x150.jpg\" class=\"attachment-thumbnail size-thumbnail\" alt=\"\" loading=\"lazy\" \/><\/a>\n\t\t\t<\/dt><\/dl><dl class='gallery-item'>\n\t\t\t<dt class='gallery-icon landscape'>\n\t\t\t\t<a class=\"thumbnail\" href='https:\/\/hotelrealsm.com\/hotelcuernavaca\/galeria\/img_1197\/'><img width=\"150\" height=\"150\" src=\"https:\/\/hotelrealsm.com\/hotelcuernavaca\/wp-content\/uploads\/2014\/09\/IMG_1197-150x150.jpg\" class=\"attachment-thumbnail size-thumbnail\" alt=\"\" loading=\"lazy\" \/><\/a>\n\t\t\t<\/dt><\/dl><br style=\"clear: both\" \/>\n\t\t<\/div>\n\n<h2>Motel<\/h2>\n<p>&nbsp;<\/p>\n\n\t\t<style type=\"text\/css\">\n\t\t\t#gallery-2 {\n\t\t\t\tmargin: auto;\n\t\t\t}\n\t\t\t#gallery-2 .gallery-item {\n\t\t\t\tfloat: left;\n\t\t\t\tmargin-top: 10px;\n\t\t\t\ttext-align: center;\n\t\t\t\twidth: 33%;\n\t\t\t}\n\t\t\t#gallery-2 img {\n\t\t\t\tborder: 2px solid #cfcfcf;\n\t\t\t}\n\t\t\t#gallery-2 .gallery-caption {\n\t\t\t\tmargin-left: 0;\n\t\t\t}\n\t\t\t\/* see gallery_shortcode() in wp-includes\/media.php *\/\n\t\t<\/style>\n\t\t<div id='gallery-2' class='gallery galleryid-26 gallery-columns-3 gallery-size-thumbnail'><dl class='gallery-item'>\n\t\t\t<dt class='gallery-icon landscape'>\n\t\t\t\t<a class=\"thumbnail\" href='https:\/\/hotelrealsm.com\/hotelcuernavaca\/galeria\/motel-panorama-abajo\/'><img width=\"150\" height=\"150\" src=\"https:\/\/hotelrealsm.com\/hotelcuernavaca\/wp-content\/uploads\/2014\/09\/motel-Panorama-abajo-150x150.jpg\" class=\"attachment-thumbnail size-thumbnail\" alt=\"habitacion sencilla\" loading=\"lazy\" aria-describedby=\"gallery-2-109\" \/><\/a>\n\t\t\t<\/dt>\n\t\t\t\t<dd class='wp-caption-text gallery-caption' id='gallery-2-109'>\n\t\t\t\tHabitaci\u00f3n sencilla\n\t\t\t\t<\/dd><\/dl><dl class='gallery-item'>\n\t\t\t<dt class='gallery-icon landscape'>\n\t\t\t\t<a class=\"thumbnail\" href='https:\/\/hotelrealsm.com\/hotelcuernavaca\/galeria\/motel-panorama-arriba\/'><img width=\"150\" height=\"150\" src=\"https:\/\/hotelrealsm.com\/hotelcuernavaca\/wp-content\/uploads\/2014\/09\/motel-Panorama-arriba-150x150.jpg\" class=\"attachment-thumbnail size-thumbnail\" alt=\"habitacion con cochera\" loading=\"lazy\" aria-describedby=\"gallery-2-110\" \/><\/a>\n\t\t\t<\/dt>\n\t\t\t\t<dd class='wp-caption-text gallery-caption' id='gallery-2-110'>\n\t\t\t\tHabitaci\u00f3n con cochera\n\t\t\t\t<\/dd><\/dl><dl class='gallery-item'>\n\t\t\t<dt class='gallery-icon landscape'>\n\t\t\t\t<a class=\"thumbnail\" href='https:\/\/hotelrealsm.com\/hotelcuernavaca\/galeria\/motel-panoramaestacionamiento\/'><img width=\"150\" height=\"150\" src=\"https:\/\/hotelrealsm.com\/hotelcuernavaca\/wp-content\/uploads\/2014\/09\/motel-Panoramaestacionamiento-150x150.jpg\" class=\"attachment-thumbnail size-thumbnail\" alt=\"Estacionamiento Motel\" loading=\"lazy\" aria-describedby=\"gallery-2-108\" \/><\/a>\n\t\t\t<\/dt>\n\t\t\t\t<dd class='wp-caption-text gallery-caption' id='gallery-2-108'>\n\t\t\t\tEstacionamiento Motel\n\t\t\t\t<\/dd><\/dl><br style=\"clear: both\" \/><dl class='gallery-item'>\n\t\t\t<dt class='gallery-icon portrait'>\n\t\t\t\t<a class=\"thumbnail\" href='https:\/\/hotelrealsm.com\/hotelcuernavaca\/galeria\/img_1050\/'><img width=\"150\" height=\"150\" src=\"https:\/\/hotelrealsm.com\/hotelcuernavaca\/wp-content\/uploads\/2014\/09\/IMG_1050-150x150.jpg\" class=\"attachment-thumbnail size-thumbnail\" alt=\"\" loading=\"lazy\" \/><\/a>\n\t\t\t<\/dt><\/dl>\n\t\t\t<br style='clear: both' \/>\n\t\t<\/div>\n\n<p>*Fotograf\u00edas panor\u00e1micas por <span style=\"text-decoration: underline;\"><em><strong><a href=\"http:\/\/fotografoencuernavaca.com\" target=\"_blank\">Fot\u00f3grafo en Cuernavaca<\/a><\/strong><\/em><\/span><\/p>\n","protected":false},"excerpt":{"rendered":"<p>Hotel Motel &nbsp; *Fotograf\u00edas panor\u00e1micas por Fot\u00f3grafo en Cuernavaca<\/p>\n","protected":false},"author":1,"featured_media":0,"parent":0,"menu_order":0,"comment_status":"closed","ping_status":"closed","template":"page-sidebar.php","meta":[],"_links":{"self":[{"href":"https:\/\/hotelrealsm.com\/hotelcuernavaca\/wp-json\/wp\/v2\/pages\/26"}],"collection":[{"href":"https:\/\/hotelrealsm.com\/hotelcuernavaca\/wp-json\/wp\/v2\/pages"}],"about":[{"href":"https:\/\/hotelrealsm.com\/hotelcuernavaca\/wp-json\/wp\/v2\/types\/page"}],"author":[{"embeddable":true,"href":"https:\/\/hotelrealsm.com\/hotelcuernavaca\/wp-json\/wp\/v2\/users\/1"}],"replies":[{"embeddable":true,"href":"https:\/\/hotelrealsm.com\/hotelcuernavaca\/wp-json\/wp\/v2\/comments?post=26"}],"version-history":[{"count":18,"href":"https:\/\/hotelrealsm.com\/hotelcuernavaca\/wp-json\/wp\/v2\/pages\/26\/revisions"}],"predecessor-version":[{"id":172,"href":"https:\/\/hotelrealsm.com\/hotelcuernavaca\/wp-json\/wp\/v2\/pages\/26\/revisions\/172"}],"wp:attachment":[{"href":"https:\/\/hotelrealsm.com\/hotelcuernavaca\/wp-json\/wp\/v2\/media?parent=26"}],"curies":[{"name":"wp","href":"https:\/\/api.w.org\/{rel}","templated":true}]}}