{"id":24,"date":"2014-09-08T10:52:53","date_gmt":"2014-09-08T15:52:53","guid":{"rendered":"http:\/\/hotelrealsm.com\/hotelcuernavaca\/?page_id=24"},"modified":"2017-06-15T18:18:13","modified_gmt":"2017-06-15T23:18:13","slug":"eventos-en-cuernavaca","status":"publish","type":"page","link":"https:\/\/hotelrealsm.com\/hotelcuernavaca\/eventos-en-cuernavaca\/","title":{"rendered":"Eventos en Cuernavaca"},"content":{"rendered":"<p><strong>Tenemos un excelente espacio para llevar a cabo ese evento especial a solo 5 minutos de Cuernavaca.<\/strong><br \/>\n<div class=\"row\"><\/p>\n<div class=\"col-md-6\">\n\n<p><strong>Sal\u00f3n de eventos:<\/strong><br \/>\nEl sal\u00f3n cuenta con <strong>Capacidad para 120<\/strong> personas.<br \/>\nSanitarios: damas y caballeros.<br \/>\nRealiza tus eventos en un espacio privado.<\/p>\n<\/div>\n<div class=\"col-md-6\">\n\n<figure id=\"attachment_98\" class=\"thumbnail wp-caption aligncenter\" style=\"width: 1170px\"><a href=\"http:\/\/hotelrealsm.com\/hotelcuernavaca\/wp-content\/uploads\/2014\/09\/salon.jpg\"><img loading=\"lazy\" class=\"wp-image-98 size-full\" src=\"http:\/\/hotelrealsm.com\/hotelcuernavaca\/wp-content\/uploads\/2014\/09\/salon.jpg\" alt=\"Salon de eventos hotel real santa maria cuernavaca\" width=\"1170\" height=\"288\" srcset=\"https:\/\/hotelrealsm.com\/hotelcuernavaca\/wp-content\/uploads\/2014\/09\/salon.jpg 1170w, https:\/\/hotelrealsm.com\/hotelcuernavaca\/wp-content\/uploads\/2014\/09\/salon-300x73.jpg 300w, https:\/\/hotelrealsm.com\/hotelcuernavaca\/wp-content\/uploads\/2014\/09\/salon-1024x252.jpg 1024w\" sizes=\"(max-width: 1170px) 100vw, 1170px\" \/><\/a><figcaption class=\"caption wp-caption-text\">Sal\u00f3n de eventos<\/figcaption><\/figure>\n<\/div>\n<p><\/div><\/p>\n<div class=\"row\"><\/p>\n<div class=\"col-md-6\">\n<p><\/p>\n<p><strong>Restaurante:<\/strong><br \/>\nCuenta con <strong>Capacidad para 40<\/strong> personas.<br \/>\nSanitarios: damas y caballeros.<br \/>\nSirve como sal\u00f3n para eventos peque\u00f1os.<\/p>\n<\/div>\n<div class=\"col-md-6\">\n<p><\/p>\n<p><figure id=\"attachment_101\" class=\"thumbnail wp-caption aligncenter\" style=\"width: 1170px\"><a href=\"http:\/\/hotelrealsm.com\/hotelcuernavaca\/wp-content\/uploads\/2014\/09\/Panoramarestaurant.jpg\"><img loading=\"lazy\" class=\"wp-image-101 size-full\" src=\"http:\/\/hotelrealsm.com\/hotelcuernavaca\/wp-content\/uploads\/2014\/09\/Panoramarestaurant.jpg\" alt=\"Restaurante\" width=\"1170\" height=\"362\" srcset=\"https:\/\/hotelrealsm.com\/hotelcuernavaca\/wp-content\/uploads\/2014\/09\/Panoramarestaurant.jpg 1170w, https:\/\/hotelrealsm.com\/hotelcuernavaca\/wp-content\/uploads\/2014\/09\/Panoramarestaurant-300x92.jpg 300w, https:\/\/hotelrealsm.com\/hotelcuernavaca\/wp-content\/uploads\/2014\/09\/Panoramarestaurant-1024x316.jpg 1024w\" sizes=\"(max-width: 1170px) 100vw, 1170px\" \/><\/a><figcaption class=\"caption wp-caption-text\">Restaurante<\/figcaption><\/figure><\/p>\n<p>&nbsp;<\/p>\n<\/div>\n<p><\/div>\n<div class=\"row\"><\/p>\n<div class=\"col-md-6\">\n<p><\/p>\n<p><strong>Jard\u00edn:<\/strong><br \/>\nCuenta con <strong>Capacidad para 90<\/strong> personas.<br \/>\nSanitarios: damas y caballeros.<br \/>\nUn sal\u00f3n fresco para eventos al aire libre y disfrutar el clima de Cuernavaca.<\/p>\n<\/div>\n<div class=\"col-md-6\">\n<p><\/p>\n<p><figure id=\"attachment_87\" class=\"thumbnail wp-caption aligncenter\" style=\"width: 1170px\"><a href=\"http:\/\/hotelrealsm.com\/hotelcuernavaca\/wp-content\/uploads\/2014\/09\/Panoramajardininterior.jpg\"><img loading=\"lazy\" class=\"wp-image-87 size-full\" src=\"http:\/\/hotelrealsm.com\/hotelcuernavaca\/wp-content\/uploads\/2014\/09\/Panoramajardininterior.jpg\" alt=\"Jardin interior 2\" width=\"1170\" height=\"360\" srcset=\"https:\/\/hotelrealsm.com\/hotelcuernavaca\/wp-content\/uploads\/2014\/09\/Panoramajardininterior.jpg 1170w, https:\/\/hotelrealsm.com\/hotelcuernavaca\/wp-content\/uploads\/2014\/09\/Panoramajardininterior-300x92.jpg 300w, https:\/\/hotelrealsm.com\/hotelcuernavaca\/wp-content\/uploads\/2014\/09\/Panoramajardininterior-1024x315.jpg 1024w\" sizes=\"(max-width: 1170px) 100vw, 1170px\" \/><\/a><figcaption class=\"caption wp-caption-text\">Jard\u00edn Interior<\/figcaption><\/figure><\/p>\n<\/div>\n<p><\/div>\n<div class=\"row\"><\/p>\n<div class=\"col-md-6\">\n<p><\/p>\n<p><strong>Terraza:<\/strong><br \/>\nEspacio a un costado de la alberca.<br \/>\nSanitarios: damas y caballeros.<br \/>\nIdeal para eventos familiares que no requieren de sal\u00f3n y permiten disfrutar el clima de Cuernavaca.<\/p>\n<\/div>\n<div class=\"col-md-6\">\n<p><\/p>\n<p><figure id=\"attachment_102\" class=\"thumbnail wp-caption aligncenter\" style=\"width: 1170px\"><a href=\"http:\/\/hotelrealsm.com\/hotelcuernavaca\/wp-content\/uploads\/2014\/09\/Panoramaterrazarestaurante.jpg\"><img loading=\"lazy\" class=\"wp-image-102 size-full\" src=\"http:\/\/hotelrealsm.com\/hotelcuernavaca\/wp-content\/uploads\/2014\/09\/Panoramaterrazarestaurante.jpg\" alt=\"terraza rstaurante hotel rel santa maria cuernavaca\" width=\"1170\" height=\"362\" srcset=\"https:\/\/hotelrealsm.com\/hotelcuernavaca\/wp-content\/uploads\/2014\/09\/Panoramaterrazarestaurante.jpg 1170w, https:\/\/hotelrealsm.com\/hotelcuernavaca\/wp-content\/uploads\/2014\/09\/Panoramaterrazarestaurante-300x92.jpg 300w, https:\/\/hotelrealsm.com\/hotelcuernavaca\/wp-content\/uploads\/2014\/09\/Panoramaterrazarestaurante-1024x316.jpg 1024w\" sizes=\"(max-width: 1170px) 100vw, 1170px\" \/><\/a><figcaption class=\"caption wp-caption-text\">Terraza Bar del Restaurante<\/figcaption><\/figure><\/p>\n<\/div>\n<p><\/div>\n<p>&nbsp;<\/p>\n<p style=\"text-align: justify;\"><strong><em>Contamos con el mejor servicio de decorado para sus eventos, le asesoramos en la coordinaci\u00f3n de su evento y ponemos a su disposici\u00f3n nuestras excelentes instalaciones, las cuales puede rentar a su gusto ya sea una sola \u00e1rea o combinadas.<\/em><\/strong><\/p>\n","protected":false},"excerpt":{"rendered":"<p>Tenemos un excelente espacio para llevar a cabo ese evento especial a solo 5 minutos de Cuernavaca. &nbsp; Contamos con el mejor servicio de decorado para sus eventos, le asesoramos en la coordinaci\u00f3n de su evento y ponemos a su &hellip; <a href=\"https:\/\/hotelrealsm.com\/hotelcuernavaca\/eventos-en-cuernavaca\/\">Continuar<\/a><\/p>\n","protected":false},"author":1,"featured_media":0,"parent":0,"menu_order":0,"comment_status":"closed","ping_status":"closed","template":"page-sidebar.php","meta":[],"_links":{"self":[{"href":"https:\/\/hotelrealsm.com\/hotelcuernavaca\/wp-json\/wp\/v2\/pages\/24"}],"collection":[{"href":"https:\/\/hotelrealsm.com\/hotelcuernavaca\/wp-json\/wp\/v2\/pages"}],"about":[{"href":"https:\/\/hotelrealsm.com\/hotelcuernavaca\/wp-json\/wp\/v2\/types\/page"}],"author":[{"embeddable":true,"href":"https:\/\/hotelrealsm.com\/hotelcuernavaca\/wp-json\/wp\/v2\/users\/1"}],"replies":[{"embeddable":true,"href":"https:\/\/hotelrealsm.com\/hotelcuernavaca\/wp-json\/wp\/v2\/comments?post=24"}],"version-history":[{"count":15,"href":"https:\/\/hotelrealsm.com\/hotelcuernavaca\/wp-json\/wp\/v2\/pages\/24\/revisions"}],"predecessor-version":[{"id":168,"href":"https:\/\/hotelrealsm.com\/hotelcuernavaca\/wp-json\/wp\/v2\/pages\/24\/revisions\/168"}],"wp:attachment":[{"href":"https:\/\/hotelrealsm.com\/hotelcuernavaca\/wp-json\/wp\/v2\/media?parent=24"}],"curies":[{"name":"wp","href":"https:\/\/api.w.org\/{rel}","templated":true}]}}